{"id":90,"date":"2013-07-19T21:30:37","date_gmt":"2013-07-19T19:30:37","guid":{"rendered":"http:\/\/diag-mav-essen.de\/?page_id=90"},"modified":"2026-01-21T13:51:35","modified_gmt":"2026-01-21T11:51:35","slug":"links","status":"publish","type":"page","link":"https:\/\/diag-mav-essen.de\/?page_id=90","title":{"rendered":"Links"},"content":{"rendered":"\n<p><strong><em><u>(Kirchliche) Gesetzestexte:<\/u><\/em><\/strong><br><strong>Grundordnung<\/strong> des Kirchlichen Dienstes <strong>(GrO)<\/strong> auf der Seite der Deutschen Bischofskonferenz &#8211; <a href=\"https:\/\/www.dbk.de\/themen\/kirche-staat-und-recht\/kirchliches-arbeitsrecht\/grundordnung\" target=\"_blank\" rel=\"noreferrer noopener\">Link<\/a><\/p>\n\n\n\n<p><strong>Kirchliches Amtsblatt&nbsp;<\/strong>des Bistums Essen &#8211; <a href=\"http:\/\/www.bistum-essen.de\/no_cache\/bistum\/bistumsverwaltung\/amtsblatt.html\" target=\"_blank\" rel=\"noreferrer noopener\">Link<\/a><\/p>\n\n\n\n<p><strong>Erl\u00e4uterungen zur Kirchlichen Arbeitsgerichtsordnung<\/strong> (KAGO) &#8211; <a href=\"https:\/\/diag-mav-essen.de\/wp-content\/uploads\/2013\/07\/KAGO_Erlaeterungen.pdf\" target=\"_blank\" rel=\"noreferrer noopener\">Download<\/a><\/p>\n\n\n\n<p><strong>KAVO<\/strong> Online <a href=\"https:\/\/regional-koda-nw.de\/kavo\/kavo-teil-i-inhalt\">Link<\/a><\/p>\n\n\n\n<p><strong>AVR<\/strong> Online <a href=\"https:\/\/www.lambertus.de\/avr-caritas\">Link<\/a><\/p>\n\n\n\n<p>Das <strong>Bundesministerium der Justiz<\/strong> stellt in einem gemeinsamen Projekt mit der juris GmbH f\u00fcr interessierte B\u00fcrgerinnen und B\u00fcrger&nbsp;nahezu das gesamte aktuelle Bundesrecht kostenlos im Internet&nbsp;bereit &#8211; <a href=\"http:\/\/www.gesetze-im-internet.de\/\" target=\"_blank\" rel=\"noreferrer noopener\">Link<\/a><\/p>\n\n\n\n<p><strong><em><u>Rechtssprechungen:<\/u><\/em><\/strong><br><strong>Kirchliche Arbeitsgerichte und Kirchlicher Arbeitsgerichtshof &#8211; <a href=\"https:\/\/www.dbk.de\/themen\/kirche-staat-und-recht\/der-kirchliche-arbeitsgerichtshof\">Link<\/a><\/strong><\/p>\n\n\n\n<p><strong>Das Bundesarbeitsgericht&nbsp; (BAG) <\/strong>stellt seine Urteile ins Internet<br>Bei der Suche ist die Kenntnis des Aktenzeichens hilfreich,<br>es gibt aber inzwischen auch eine Suchfunktion nach Stichworten:<br><a href=\"http:\/\/www.bundesarbeitsgericht.de\/\" target=\"_blank\" rel=\"noreferrer noopener\">www.bundesarbeitsgericht.de\/<\/a><\/p>\n\n\n\n<p>RECHT INFORMIERT &#8211; der ak.mas<br><a href=\"https:\/\/www.akmas.de\/service\/recht-informiert.html\">https:\/\/www.akmas.de\/service\/recht-informiert.html<\/a><\/p>\n\n\n\n<p><strong><u>Unser Bistum:<\/u><\/strong><br>Homepage des Bistums Essen<br><em>zur Internetseite:\u00a0<a href=\"http:\/\/www.bistum-essen.de\/\" target=\"_blank\" rel=\"noreferrer noopener\">www.bistum-essen.de<\/a><\/em><\/p>\n\n\n\n<p><strong>Caritasverband f\u00fcr das Bistum Essen<br><\/strong><em>zur Internetseite:&nbsp;<\/em><strong>&nbsp;<\/strong><em><a href=\"http:\/\/www.caritas-essen.de\/\" target=\"_blank\" rel=\"noreferrer noopener\">www.caritas-essen.de<\/a>&nbsp;<\/em><\/p>\n\n\n\n<p><strong><em><u>Gremien:<\/u><\/em><\/strong><br><strong>BAG-MAV<br><\/strong>Die BAG-MAV ist der Zusammenschluss aller Di\u00f6zesanen Arbeitsgemeinschaften der Mitarbeitervertretungen im Bereich der Deutschen Bischofskonferenz<\/p>\n\n\n\n<p><em>zur Internetseite:&nbsp;<\/em><a href=\"http:\/\/www.bag-mav.de\/\" target=\"_blank\" rel=\"noreferrer noopener\"><em>www.bag-mav.de<\/em><\/a><\/p>\n\n\n\n<p><strong><em><u>Kommissionen:<\/u><\/em><\/strong><br><strong>Regional KODA NW<br><\/strong><em>zur Internetseite:\u00a0<a href=\"http:\/\/www.regional-koda-nw.de\/\" target=\"_blank\" rel=\"noreferrer noopener\">www.regional-koda-nw.de<\/a><\/em><\/p>\n\n\n\n<p><strong>Arbeitsrechtliche Kommission (Mitarbeiterseite) des<br>Deutschen Caritasverbandes<br><\/strong><em>zur Internetseite:&nbsp;<\/em><a href=\"http:\/\/www.akmas.de\/\" target=\"_blank\" rel=\"noreferrer noopener\"><strong>&nbsp;<\/strong><em>www.akmas.de&nbsp;<\/em><\/a><\/p>\n\n\n\n<p><strong><u>Wissenswertes:<\/u><\/strong><br><strong>Homepage der DiAG-MAV-Freiburg<br><\/strong><em><a href=\"http:\/\/www.diag-mav-freiburg.de\" target=\"_blank\" rel=\"noreferrer noopener\">www.diag-mav-freiburg.de<\/a><br><\/em>Besonders empfehlenswert ist die umfangreiche<br>Dokumenten-Datenbank <a href=\"http:\/\/www.diag-mav-freiburg.de\/html\/content\/a_z187.html?&amp;\" target=\"_blank\" rel=\"noreferrer noopener\">&#8222;A-Z&#8220;<\/a><\/p>\n\n\n\n<p><\/p>\n","protected":false},"excerpt":{"rendered":"<p>(Kirchliche) Gesetzestexte:Grundordnung des Kirchlichen Dienstes (GrO) auf der Seite der Deutschen Bischofskonferenz &#8211; Link Kirchliches Amtsblatt&nbsp;des Bistums Essen &#8211; Link Erl\u00e4uterungen zur Kirchlichen Arbeitsgerichtsordnung (KAGO) &#8211; Download KAVO Online Link AVR Online Link Das Bundesministerium der Justiz stellt in einem &hellip; <a href=\"https:\/\/diag-mav-essen.de\/?page_id=90\">Weiterlesen <span class=\"meta-nav\">&rarr;<\/span><\/a><\/p>\n","protected":false},"author":1,"featured_media":0,"parent":0,"menu_order":0,"comment_status":"closed","ping_status":"closed","template":"","meta":{"footnotes":""},"class_list":["post-90","page","type-page","status-publish","hentry"],"publishpress_future_action":{"enabled":false,"date":"2026-04-25 14:46:35","action":"change-status","newStatus":"draft","terms":[],"taxonomy":"","extraData":[]},"publishpress_future_workflow_manual_trigger":{"enabledWorkflows":[]},"_links":{"self":[{"href":"https:\/\/diag-mav-essen.de\/index.php?rest_route=\/wp\/v2\/pages\/90","targetHints":{"allow":["GET"]}}],"collection":[{"href":"https:\/\/diag-mav-essen.de\/index.php?rest_route=\/wp\/v2\/pages"}],"about":[{"href":"https:\/\/diag-mav-essen.de\/index.php?rest_route=\/wp\/v2\/types\/page"}],"author":[{"embeddable":true,"href":"https:\/\/diag-mav-essen.de\/index.php?rest_route=\/wp\/v2\/users\/1"}],"replies":[{"embeddable":true,"href":"https:\/\/diag-mav-essen.de\/index.php?rest_route=%2Fwp%2Fv2%2Fcomments&post=90"}],"version-history":[{"count":29,"href":"https:\/\/diag-mav-essen.de\/index.php?rest_route=\/wp\/v2\/pages\/90\/revisions"}],"predecessor-version":[{"id":6313,"href":"https:\/\/diag-mav-essen.de\/index.php?rest_route=\/wp\/v2\/pages\/90\/revisions\/6313"}],"wp:attachment":[{"href":"https:\/\/diag-mav-essen.de\/index.php?rest_route=%2Fwp%2Fv2%2Fmedia&parent=90"}],"curies":[{"name":"wp","href":"https:\/\/api.w.org\/{rel}","templated":true}]}}