{"id":6507,"date":"2026-02-11T10:57:29","date_gmt":"2026-02-11T08:57:29","guid":{"rendered":"https:\/\/diag-mav-essen.de\/?page_id=6507"},"modified":"2026-02-11T10:57:29","modified_gmt":"2026-02-11T08:57:29","slug":"anmeldeformular","status":"publish","type":"page","link":"https:\/\/diag-mav-essen.de\/?page_id=6507","title":{"rendered":"Anmeldeformular"},"content":{"rendered":"\n<p>Ihr m\u00f6chtet Euch als MAV bei der DiAG melden, um zuk\u00fcnftig zu Teilbereichsversammlungen eingeladen und beraten werden zu k\u00f6nnen, dann registriert Euch hier:<\/p>\n\n\n\n<p><a href=\"https:\/\/docs.google.com\/forms\/d\/e\/1FAIpQLSeo1tgyxxYxDmbxtM4GE0h3_CqjnaSZKfrPAzEWXs4XvZUKpg\/viewform\" data-type=\"link\" data-id=\"https:\/\/docs.google.com\/forms\/d\/e\/1FAIpQLSeo1tgyxxYxDmbxtM4GE0h3_CqjnaSZKfrPAzEWXs4XvZUKpg\/viewform\">Anmeldung<\/a>:<\/p>\n\n\n\n<p><\/p>\n","protected":false},"excerpt":{"rendered":"<p>Ihr m\u00f6chtet Euch als MAV bei der DiAG melden, um zuk\u00fcnftig zu Teilbereichsversammlungen eingeladen und beraten werden zu k\u00f6nnen, dann registriert Euch hier: Anmeldung:<\/p>\n","protected":false},"author":1,"featured_media":0,"parent":7,"menu_order":0,"comment_status":"closed","ping_status":"closed","template":"","meta":{"footnotes":""},"class_list":["post-6507","page","type-page","status-publish","hentry"],"publishpress_future_action":{"enabled":false,"date":"2026-05-20 13:59:40","action":"change-status","newStatus":"draft","terms":[],"taxonomy":"","extraData":[]},"publishpress_future_workflow_manual_trigger":{"enabledWorkflows":[]},"_links":{"self":[{"href":"https:\/\/diag-mav-essen.de\/index.php?rest_route=\/wp\/v2\/pages\/6507","targetHints":{"allow":["GET"]}}],"collection":[{"href":"https:\/\/diag-mav-essen.de\/index.php?rest_route=\/wp\/v2\/pages"}],"about":[{"href":"https:\/\/diag-mav-essen.de\/index.php?rest_route=\/wp\/v2\/types\/page"}],"author":[{"embeddable":true,"href":"https:\/\/diag-mav-essen.de\/index.php?rest_route=\/wp\/v2\/users\/1"}],"replies":[{"embeddable":true,"href":"https:\/\/diag-mav-essen.de\/index.php?rest_route=%2Fwp%2Fv2%2Fcomments&post=6507"}],"version-history":[{"count":1,"href":"https:\/\/diag-mav-essen.de\/index.php?rest_route=\/wp\/v2\/pages\/6507\/revisions"}],"predecessor-version":[{"id":6508,"href":"https:\/\/diag-mav-essen.de\/index.php?rest_route=\/wp\/v2\/pages\/6507\/revisions\/6508"}],"up":[{"embeddable":true,"href":"https:\/\/diag-mav-essen.de\/index.php?rest_route=\/wp\/v2\/pages\/7"}],"wp:attachment":[{"href":"https:\/\/diag-mav-essen.de\/index.php?rest_route=%2Fwp%2Fv2%2Fmedia&parent=6507"}],"curies":[{"name":"wp","href":"https:\/\/api.w.org\/{rel}","templated":true}]}}